{"id":7,"date":"2017-04-26T22:48:22","date_gmt":"2017-04-26T21:48:22","guid":{"rendered":"https:\/\/tutorialsdev.wordpress.com\/?page_id=2"},"modified":"2017-04-26T22:48:22","modified_gmt":"2017-04-26T21:48:22","slug":"a-propos","status":"publish","type":"page","link":"https:\/\/tutorialsdev.com\/index.php\/a-propos\/","title":{"rendered":"\u00c0 propos"},"content":{"rendered":"<h2 style=\"text-align:justify;\">Bienvenue \u00a0sur le site de tutorialsDev<\/h2>\n<p style=\"text-align:justify;\">Nous partageons les exp\u00e9riences en mati\u00e8re de d\u00e9veloppement. Notre objectif est de vous apporter de la valeur.<\/p>\n<p><img loading=\"lazy\" class=\"  wp-image-393 aligncenter\" src=\"http:\/\/tutorialsdev.com\/wp-content\/uploads\/2017\/10\/media-2082641_1280.jpg\" alt=\"media-2082641_1280\" width=\"760\" height=\"428\" srcset=\"https:\/\/tutorialsdev.com\/wp-content\/uploads\/2017\/10\/media-2082641_1280.jpg 1280w, https:\/\/tutorialsdev.com\/wp-content\/uploads\/2017\/10\/media-2082641_1280-300x169.jpg 300w, https:\/\/tutorialsdev.com\/wp-content\/uploads\/2017\/10\/media-2082641_1280-768x432.jpg 768w, https:\/\/tutorialsdev.com\/wp-content\/uploads\/2017\/10\/media-2082641_1280-1024x576.jpg 1024w\" sizes=\"(max-width: 760px) 100vw, 760px\" \/><\/p>\n","protected":false},"excerpt":{"rendered":"<p>Ceci est un petit extrait destin\u00e9 \u00e0 la &amp;nbsp;page \u00ab\u00a0\u00c0 propos\u00a0\u00bb.<\/p>\n","protected":false},"author":2,"featured_media":0,"parent":0,"menu_order":1,"comment_status":"closed","ping_status":"closed","template":"","meta":[],"_links":{"self":[{"href":"https:\/\/tutorialsdev.com\/index.php\/wp-json\/wp\/v2\/pages\/7"}],"collection":[{"href":"https:\/\/tutorialsdev.com\/index.php\/wp-json\/wp\/v2\/pages"}],"about":[{"href":"https:\/\/tutorialsdev.com\/index.php\/wp-json\/wp\/v2\/types\/page"}],"author":[{"embeddable":true,"href":"https:\/\/tutorialsdev.com\/index.php\/wp-json\/wp\/v2\/users\/2"}],"replies":[{"embeddable":true,"href":"https:\/\/tutorialsdev.com\/index.php\/wp-json\/wp\/v2\/comments?post=7"}],"version-history":[{"count":0,"href":"https:\/\/tutorialsdev.com\/index.php\/wp-json\/wp\/v2\/pages\/7\/revisions"}],"wp:attachment":[{"href":"https:\/\/tutorialsdev.com\/index.php\/wp-json\/wp\/v2\/media?parent=7"}],"curies":[{"name":"wp","href":"https:\/\/api.w.org\/{rel}","templated":true}]}}